{"id":213,"date":"2023-07-10T00:15:10","date_gmt":"2023-07-09T22:15:10","guid":{"rendered":"https:\/\/www.lestudiodejulie.fr\/?page_id=213"},"modified":"2023-12-05T15:00:31","modified_gmt":"2023-12-05T14:00:31","slug":"galerie-1","status":"publish","type":"page","link":"https:\/\/www.lestudiodejulie.fr\/index.php\/galerie\/galerie-1\/","title":{"rendered":"Grossesse &#038; naissance"},"content":{"rendered":"\t\t<div data-elementor-type=\"wp-page\" data-elementor-id=\"213\" class=\"elementor elementor-213\">\n\t\t\t\t<div class=\"elementor-element elementor-element-e321e30 e-flex e-con-boxed e-con e-parent\" data-id=\"e321e30\" data-element_type=\"container\">\n\t\t\t\t\t<div class=\"e-con-inner\">\n\t\t\t\t<div class=\"elementor-element elementor-element-5bcd17b elementor-widget elementor-widget-text-editor\" data-id=\"5bcd17b\" data-element_type=\"widget\" data-widget_type=\"text-editor.default\">\n\t\t\t\t<div class=\"elementor-widget-container\">\n\t\t\t\t\t\t\t\t\t<p>Du petit pois dans votre ventre \u00e0 la magnifique petite bouille d&rsquo;amour, sublimez votre maternit\u00e9 et c\u00e9l\u00e9brez la venue au monde de votre joli b\u00e9b\u00e9.<\/p>\t\t\t\t\t\t\t\t<\/div>\n\t\t\t\t<\/div>\n\t\t\t\t\t<\/div>\n\t\t\t\t<\/div>\n\t\t<div class=\"elementor-element elementor-element-e26c883 e-flex e-con-boxed e-con e-parent\" data-id=\"e26c883\" data-element_type=\"container\">\n\t\t\t\t\t<div class=\"e-con-inner\">\n\t\t\t\t<div class=\"elementor-element elementor-element-5c6b4f3 elementor-widget elementor-widget-image-gallery\" data-id=\"5c6b4f3\" data-element_type=\"widget\" data-widget_type=\"image-gallery.default\">\n\t\t\t\t<div class=\"elementor-widget-container\">\n\t\t\t\t\t\t\t<div class=\"elementor-image-gallery\">\n\t\t\t<div id='gallery-1' class='gallery galleryid-213 gallery-columns-4 gallery-size-large'><figure class='gallery-item'>\n\t\t\t<div class='gallery-icon portrait'>\n\t\t\t\t<a data-elementor-open-lightbox=\"yes\" data-elementor-lightbox-slideshow=\"5c6b4f3\" data-elementor-lightbox-title=\"DSC_1424\" data-e-action-hash=\"#elementor-action%3Aaction%3Dlightbox%26settings%3DeyJpZCI6MTg4LCJ1cmwiOiJodHRwczpcL1wvd3d3Lmxlc3R1ZGlvZGVqdWxpZS5mclwvd3AtY29udGVudFwvdXBsb2Fkc1wvMjAyM1wvMDdcL0RTQ18xNDI0LTEtc2NhbGVkLmpwZyIsInNsaWRlc2hvdyI6IjVjNmI0ZjMifQ%3D%3D\" href='https:\/\/www.lestudiodejulie.fr\/wp-content\/uploads\/2023\/07\/DSC_1424-1-scaled.jpg'><img fetchpriority=\"high\" decoding=\"async\" width=\"683\" height=\"1024\" src=\"https:\/\/www.lestudiodejulie.fr\/wp-content\/uploads\/2023\/07\/DSC_1424-1-683x1024.jpg\" class=\"attachment-large size-large\" alt=\"\" srcset=\"https:\/\/www.lestudiodejulie.fr\/wp-content\/uploads\/2023\/07\/DSC_1424-1-683x1024.jpg 683w, https:\/\/www.lestudiodejulie.fr\/wp-content\/uploads\/2023\/07\/DSC_1424-1-200x300.jpg 200w, https:\/\/www.lestudiodejulie.fr\/wp-content\/uploads\/2023\/07\/DSC_1424-1-768x1152.jpg 768w, https:\/\/www.lestudiodejulie.fr\/wp-content\/uploads\/2023\/07\/DSC_1424-1-1024x1536.jpg 1024w, https:\/\/www.lestudiodejulie.fr\/wp-content\/uploads\/2023\/07\/DSC_1424-1-1365x2048.jpg 1365w, https:\/\/www.lestudiodejulie.fr\/wp-content\/uploads\/2023\/07\/DSC_1424-1-scaled.jpg 1707w\" sizes=\"(max-width: 683px) 100vw, 683px\" \/><\/a>\n\t\t\t<\/div><\/figure>\n\t\t<\/div>\n\t\t<\/div>\n\t\t\t\t\t\t<\/div>\n\t\t\t\t<\/div>\n\t\t\t\t\t<\/div>\n\t\t\t\t<\/div>\n\t\t<div class=\"elementor-element elementor-element-5980382 e-flex e-con-boxed e-con e-parent\" data-id=\"5980382\" data-element_type=\"container\">\n\t\t\t\t\t<div class=\"e-con-inner\">\n\t\t\t\t<div class=\"elementor-element elementor-element-64f730b elementor-widget elementor-widget-image-gallery\" data-id=\"64f730b\" data-element_type=\"widget\" data-widget_type=\"image-gallery.default\">\n\t\t\t\t<div class=\"elementor-widget-container\">\n\t\t\t\t\t\t\t<div class=\"elementor-image-gallery\">\n\t\t\t<div id='gallery-2' class='gallery galleryid-213 gallery-columns-3 gallery-size-large'><figure class='gallery-item'>\n\t\t\t<div class='gallery-icon landscape'>\n\t\t\t\t<a data-elementor-open-lightbox=\"yes\" data-elementor-lightbox-slideshow=\"64f730b\" data-elementor-lightbox-title=\"DSC_0418\" data-e-action-hash=\"#elementor-action%3Aaction%3Dlightbox%26settings%3DeyJpZCI6MTUxLCJ1cmwiOiJodHRwczpcL1wvd3d3Lmxlc3R1ZGlvZGVqdWxpZS5mclwvd3AtY29udGVudFwvdXBsb2Fkc1wvMjAyM1wvMDdcL0RTQ18wNDE4LXNjYWxlZC5qcGciLCJzbGlkZXNob3ciOiI2NGY3MzBiIn0%3D\" href='https:\/\/www.lestudiodejulie.fr\/wp-content\/uploads\/2023\/07\/DSC_0418-scaled.jpg'><img decoding=\"async\" width=\"960\" height=\"640\" src=\"https:\/\/www.lestudiodejulie.fr\/wp-content\/uploads\/2023\/07\/DSC_0418-1024x683.jpg\" class=\"attachment-large size-large\" alt=\"\" srcset=\"https:\/\/www.lestudiodejulie.fr\/wp-content\/uploads\/2023\/07\/DSC_0418-1024x683.jpg 1024w, https:\/\/www.lestudiodejulie.fr\/wp-content\/uploads\/2023\/07\/DSC_0418-300x200.jpg 300w, https:\/\/www.lestudiodejulie.fr\/wp-content\/uploads\/2023\/07\/DSC_0418-768x512.jpg 768w, https:\/\/www.lestudiodejulie.fr\/wp-content\/uploads\/2023\/07\/DSC_0418-1536x1024.jpg 1536w, https:\/\/www.lestudiodejulie.fr\/wp-content\/uploads\/2023\/07\/DSC_0418-2048x1365.jpg 2048w\" sizes=\"(max-width: 960px) 100vw, 960px\" \/><\/a>\n\t\t\t<\/div><\/figure><figure class='gallery-item'>\n\t\t\t<div class='gallery-icon landscape'>\n\t\t\t\t<a data-elementor-open-lightbox=\"yes\" data-elementor-lightbox-slideshow=\"64f730b\" data-elementor-lightbox-title=\"DSC_0147\" data-e-action-hash=\"#elementor-action%3Aaction%3Dlightbox%26settings%3DeyJpZCI6MTQ4LCJ1cmwiOiJodHRwczpcL1wvd3d3Lmxlc3R1ZGlvZGVqdWxpZS5mclwvd3AtY29udGVudFwvdXBsb2Fkc1wvMjAyM1wvMDdcL0RTQ18wMTQ3LXNjYWxlZC5qcGciLCJzbGlkZXNob3ciOiI2NGY3MzBiIn0%3D\" href='https:\/\/www.lestudiodejulie.fr\/wp-content\/uploads\/2023\/07\/DSC_0147-scaled.jpg'><img decoding=\"async\" width=\"960\" height=\"640\" src=\"https:\/\/www.lestudiodejulie.fr\/wp-content\/uploads\/2023\/07\/DSC_0147-1024x683.jpg\" class=\"attachment-large size-large\" alt=\"\" srcset=\"https:\/\/www.lestudiodejulie.fr\/wp-content\/uploads\/2023\/07\/DSC_0147-1024x683.jpg 1024w, https:\/\/www.lestudiodejulie.fr\/wp-content\/uploads\/2023\/07\/DSC_0147-300x200.jpg 300w, https:\/\/www.lestudiodejulie.fr\/wp-content\/uploads\/2023\/07\/DSC_0147-768x512.jpg 768w, https:\/\/www.lestudiodejulie.fr\/wp-content\/uploads\/2023\/07\/DSC_0147-1536x1024.jpg 1536w, https:\/\/www.lestudiodejulie.fr\/wp-content\/uploads\/2023\/07\/DSC_0147-2048x1365.jpg 2048w\" sizes=\"(max-width: 960px) 100vw, 960px\" \/><\/a>\n\t\t\t<\/div><\/figure><figure class='gallery-item'>\n\t\t\t<div class='gallery-icon landscape'>\n\t\t\t\t<a data-elementor-open-lightbox=\"yes\" data-elementor-lightbox-slideshow=\"64f730b\" data-elementor-lightbox-title=\"DSC_0380\" data-e-action-hash=\"#elementor-action%3Aaction%3Dlightbox%26settings%3DeyJpZCI6MTUwLCJ1cmwiOiJodHRwczpcL1wvd3d3Lmxlc3R1ZGlvZGVqdWxpZS5mclwvd3AtY29udGVudFwvdXBsb2Fkc1wvMjAyM1wvMDdcL0RTQ18wMzgwLTEtc2NhbGVkLmpwZyIsInNsaWRlc2hvdyI6IjY0ZjczMGIifQ%3D%3D\" href='https:\/\/www.lestudiodejulie.fr\/wp-content\/uploads\/2023\/07\/DSC_0380-1-scaled.jpg'><img loading=\"lazy\" decoding=\"async\" width=\"960\" height=\"640\" src=\"https:\/\/www.lestudiodejulie.fr\/wp-content\/uploads\/2023\/07\/DSC_0380-1-1024x683.jpg\" class=\"attachment-large size-large\" alt=\"\" srcset=\"https:\/\/www.lestudiodejulie.fr\/wp-content\/uploads\/2023\/07\/DSC_0380-1-1024x683.jpg 1024w, https:\/\/www.lestudiodejulie.fr\/wp-content\/uploads\/2023\/07\/DSC_0380-1-300x200.jpg 300w, https:\/\/www.lestudiodejulie.fr\/wp-content\/uploads\/2023\/07\/DSC_0380-1-768x512.jpg 768w, https:\/\/www.lestudiodejulie.fr\/wp-content\/uploads\/2023\/07\/DSC_0380-1-1536x1024.jpg 1536w, https:\/\/www.lestudiodejulie.fr\/wp-content\/uploads\/2023\/07\/DSC_0380-1-2048x1365.jpg 2048w\" sizes=\"(max-width: 960px) 100vw, 960px\" \/><\/a>\n\t\t\t<\/div><\/figure>\n\t\t<\/div>\n\t\t<\/div>\n\t\t\t\t\t\t<\/div>\n\t\t\t\t<\/div>\n\t\t\t\t\t<\/div>\n\t\t\t\t<\/div>\n\t\t\t\t<\/div>\n\t\t","protected":false},"excerpt":{"rendered":"<p>Du petit pois dans votre ventre \u00e0 la magnifique petite bouille d&rsquo;amour, sublimez votre maternit\u00e9 et c\u00e9l\u00e9brez la venue au monde de votre joli b\u00e9b\u00e9.<\/p>\n","protected":false},"author":1,"featured_media":190,"parent":135,"menu_order":0,"comment_status":"closed","ping_status":"closed","template":"","meta":{"footnotes":""},"class_list":["post-213","page","type-page","status-publish","has-post-thumbnail","hentry"],"_links":{"self":[{"href":"https:\/\/www.lestudiodejulie.fr\/index.php\/wp-json\/wp\/v2\/pages\/213","targetHints":{"allow":["GET"]}}],"collection":[{"href":"https:\/\/www.lestudiodejulie.fr\/index.php\/wp-json\/wp\/v2\/pages"}],"about":[{"href":"https:\/\/www.lestudiodejulie.fr\/index.php\/wp-json\/wp\/v2\/types\/page"}],"author":[{"embeddable":true,"href":"https:\/\/www.lestudiodejulie.fr\/index.php\/wp-json\/wp\/v2\/users\/1"}],"replies":[{"embeddable":true,"href":"https:\/\/www.lestudiodejulie.fr\/index.php\/wp-json\/wp\/v2\/comments?post=213"}],"version-history":[{"count":26,"href":"https:\/\/www.lestudiodejulie.fr\/index.php\/wp-json\/wp\/v2\/pages\/213\/revisions"}],"predecessor-version":[{"id":488,"href":"https:\/\/www.lestudiodejulie.fr\/index.php\/wp-json\/wp\/v2\/pages\/213\/revisions\/488"}],"up":[{"embeddable":true,"href":"https:\/\/www.lestudiodejulie.fr\/index.php\/wp-json\/wp\/v2\/pages\/135"}],"wp:featuredmedia":[{"embeddable":true,"href":"https:\/\/www.lestudiodejulie.fr\/index.php\/wp-json\/wp\/v2\/media\/190"}],"wp:attachment":[{"href":"https:\/\/www.lestudiodejulie.fr\/index.php\/wp-json\/wp\/v2\/media?parent=213"}],"curies":[{"name":"wp","href":"https:\/\/api.w.org\/{rel}","templated":true}]}}