{"id":245,"date":"2023-07-10T00:59:28","date_gmt":"2023-07-09T22:59:28","guid":{"rendered":"https:\/\/www.lestudiodejulie.fr\/?page_id=245"},"modified":"2023-07-10T13:40:56","modified_gmt":"2023-07-10T11:40:56","slug":"evenements","status":"publish","type":"page","link":"https:\/\/www.lestudiodejulie.fr\/index.php\/galerie\/evenements\/","title":{"rendered":"Ev\u00e9nements"},"content":{"rendered":"\t\t<div data-elementor-type=\"wp-page\" data-elementor-id=\"245\" class=\"elementor elementor-245\">\n\t\t\t\t<div class=\"elementor-element elementor-element-b055d00 e-flex e-con-boxed e-con e-parent\" data-id=\"b055d00\" data-element_type=\"container\">\n\t\t\t\t\t<div class=\"e-con-inner\">\n\t\t\t\t<div class=\"elementor-element elementor-element-09db5fd elementor-widget elementor-widget-text-editor\" data-id=\"09db5fd\" data-element_type=\"widget\" data-widget_type=\"text-editor.default\">\n\t\t\t\t<div class=\"elementor-widget-container\">\n\t\t\t\t\t\t\t\t\t<p>Pensez \u00e0 immortaliser vos \u00e9v\u00e8nements importants.<\/p>\t\t\t\t\t\t\t\t<\/div>\n\t\t\t\t<\/div>\n\t\t\t\t\t<\/div>\n\t\t\t\t<\/div>\n\t\t<div class=\"elementor-element elementor-element-0f4a591 e-flex e-con-boxed e-con e-parent\" data-id=\"0f4a591\" data-element_type=\"container\">\n\t\t\t\t\t<div class=\"e-con-inner\">\n\t\t\t\t<div class=\"elementor-element elementor-element-7233e57 elementor-widget elementor-widget-image-gallery\" data-id=\"7233e57\" data-element_type=\"widget\" data-widget_type=\"image-gallery.default\">\n\t\t\t\t<div class=\"elementor-widget-container\">\n\t\t\t\t\t\t\t<div class=\"elementor-image-gallery\">\n\t\t\t<div id='gallery-1' class='gallery galleryid-245 gallery-columns-4 gallery-size-large'><figure class='gallery-item'>\n\t\t\t<div class='gallery-icon portrait'>\n\t\t\t\t<a data-elementor-open-lightbox=\"yes\" data-elementor-lightbox-slideshow=\"7233e57\" data-elementor-lightbox-title=\"DSC_0993\" data-e-action-hash=\"#elementor-action%3Aaction%3Dlightbox%26settings%3DeyJpZCI6MjUxLCJ1cmwiOiJodHRwczpcL1wvd3d3Lmxlc3R1ZGlvZGVqdWxpZS5mclwvd3AtY29udGVudFwvdXBsb2Fkc1wvMjAyM1wvMDdcL0RTQ18wOTkzLTEtc2NhbGVkLmpwZyIsInNsaWRlc2hvdyI6IjcyMzNlNTcifQ%3D%3D\" href='https:\/\/www.lestudiodejulie.fr\/wp-content\/uploads\/2023\/07\/DSC_0993-1-scaled.jpg'><img fetchpriority=\"high\" decoding=\"async\" width=\"683\" height=\"1024\" src=\"https:\/\/www.lestudiodejulie.fr\/wp-content\/uploads\/2023\/07\/DSC_0993-1-683x1024.jpg\" class=\"attachment-large size-large\" alt=\"\" srcset=\"https:\/\/www.lestudiodejulie.fr\/wp-content\/uploads\/2023\/07\/DSC_0993-1-683x1024.jpg 683w, https:\/\/www.lestudiodejulie.fr\/wp-content\/uploads\/2023\/07\/DSC_0993-1-200x300.jpg 200w, https:\/\/www.lestudiodejulie.fr\/wp-content\/uploads\/2023\/07\/DSC_0993-1-768x1152.jpg 768w, https:\/\/www.lestudiodejulie.fr\/wp-content\/uploads\/2023\/07\/DSC_0993-1-1024x1536.jpg 1024w, https:\/\/www.lestudiodejulie.fr\/wp-content\/uploads\/2023\/07\/DSC_0993-1-1365x2048.jpg 1365w, https:\/\/www.lestudiodejulie.fr\/wp-content\/uploads\/2023\/07\/DSC_0993-1-scaled.jpg 1707w\" sizes=\"(max-width: 683px) 100vw, 683px\" \/><\/a>\n\t\t\t<\/div><\/figure><figure class='gallery-item'>\n\t\t\t<div class='gallery-icon portrait'>\n\t\t\t\t<a data-elementor-open-lightbox=\"yes\" data-elementor-lightbox-slideshow=\"7233e57\" data-elementor-lightbox-title=\"DSC_1029\" data-e-action-hash=\"#elementor-action%3Aaction%3Dlightbox%26settings%3DeyJpZCI6MjUyLCJ1cmwiOiJodHRwczpcL1wvd3d3Lmxlc3R1ZGlvZGVqdWxpZS5mclwvd3AtY29udGVudFwvdXBsb2Fkc1wvMjAyM1wvMDdcL0RTQ18xMDI5LXNjYWxlZC5qcGciLCJzbGlkZXNob3ciOiI3MjMzZTU3In0%3D\" href='https:\/\/www.lestudiodejulie.fr\/wp-content\/uploads\/2023\/07\/DSC_1029-scaled.jpg'><img decoding=\"async\" width=\"683\" height=\"1024\" src=\"https:\/\/www.lestudiodejulie.fr\/wp-content\/uploads\/2023\/07\/DSC_1029-683x1024.jpg\" class=\"attachment-large size-large\" alt=\"\" srcset=\"https:\/\/www.lestudiodejulie.fr\/wp-content\/uploads\/2023\/07\/DSC_1029-683x1024.jpg 683w, https:\/\/www.lestudiodejulie.fr\/wp-content\/uploads\/2023\/07\/DSC_1029-200x300.jpg 200w, https:\/\/www.lestudiodejulie.fr\/wp-content\/uploads\/2023\/07\/DSC_1029-768x1152.jpg 768w, https:\/\/www.lestudiodejulie.fr\/wp-content\/uploads\/2023\/07\/DSC_1029-1024x1536.jpg 1024w, https:\/\/www.lestudiodejulie.fr\/wp-content\/uploads\/2023\/07\/DSC_1029-1365x2048.jpg 1365w, https:\/\/www.lestudiodejulie.fr\/wp-content\/uploads\/2023\/07\/DSC_1029-scaled.jpg 1707w\" sizes=\"(max-width: 683px) 100vw, 683px\" \/><\/a>\n\t\t\t<\/div><\/figure><figure class='gallery-item'>\n\t\t\t<div class='gallery-icon portrait'>\n\t\t\t\t<a data-elementor-open-lightbox=\"yes\" data-elementor-lightbox-slideshow=\"7233e57\" data-elementor-lightbox-title=\"DSC_1754\" data-e-action-hash=\"#elementor-action%3Aaction%3Dlightbox%26settings%3DeyJpZCI6MjU0LCJ1cmwiOiJodHRwczpcL1wvd3d3Lmxlc3R1ZGlvZGVqdWxpZS5mclwvd3AtY29udGVudFwvdXBsb2Fkc1wvMjAyM1wvMDdcL0RTQ18xNzU0LXNjYWxlZC5qcGciLCJzbGlkZXNob3ciOiI3MjMzZTU3In0%3D\" href='https:\/\/www.lestudiodejulie.fr\/wp-content\/uploads\/2023\/07\/DSC_1754-scaled.jpg'><img decoding=\"async\" width=\"683\" height=\"1024\" src=\"https:\/\/www.lestudiodejulie.fr\/wp-content\/uploads\/2023\/07\/DSC_1754-683x1024.jpg\" class=\"attachment-large size-large\" alt=\"\" srcset=\"https:\/\/www.lestudiodejulie.fr\/wp-content\/uploads\/2023\/07\/DSC_1754-683x1024.jpg 683w, https:\/\/www.lestudiodejulie.fr\/wp-content\/uploads\/2023\/07\/DSC_1754-200x300.jpg 200w, https:\/\/www.lestudiodejulie.fr\/wp-content\/uploads\/2023\/07\/DSC_1754-768x1152.jpg 768w, https:\/\/www.lestudiodejulie.fr\/wp-content\/uploads\/2023\/07\/DSC_1754-1024x1536.jpg 1024w, https:\/\/www.lestudiodejulie.fr\/wp-content\/uploads\/2023\/07\/DSC_1754-1365x2048.jpg 1365w, https:\/\/www.lestudiodejulie.fr\/wp-content\/uploads\/2023\/07\/DSC_1754-scaled.jpg 1707w\" sizes=\"(max-width: 683px) 100vw, 683px\" \/><\/a>\n\t\t\t<\/div><\/figure><figure class='gallery-item'>\n\t\t\t<div class='gallery-icon portrait'>\n\t\t\t\t<a data-elementor-open-lightbox=\"yes\" data-elementor-lightbox-slideshow=\"7233e57\" data-elementor-lightbox-title=\"DSC_2386\" data-e-action-hash=\"#elementor-action%3Aaction%3Dlightbox%26settings%3DeyJpZCI6MjU1LCJ1cmwiOiJodHRwczpcL1wvd3d3Lmxlc3R1ZGlvZGVqdWxpZS5mclwvd3AtY29udGVudFwvdXBsb2Fkc1wvMjAyM1wvMDdcL0RTQ18yMzg2LXNjYWxlZC5qcGciLCJzbGlkZXNob3ciOiI3MjMzZTU3In0%3D\" href='https:\/\/www.lestudiodejulie.fr\/wp-content\/uploads\/2023\/07\/DSC_2386-scaled.jpg'><img loading=\"lazy\" decoding=\"async\" width=\"683\" height=\"1024\" src=\"https:\/\/www.lestudiodejulie.fr\/wp-content\/uploads\/2023\/07\/DSC_2386-683x1024.jpg\" class=\"attachment-large size-large\" alt=\"\" srcset=\"https:\/\/www.lestudiodejulie.fr\/wp-content\/uploads\/2023\/07\/DSC_2386-683x1024.jpg 683w, https:\/\/www.lestudiodejulie.fr\/wp-content\/uploads\/2023\/07\/DSC_2386-200x300.jpg 200w, https:\/\/www.lestudiodejulie.fr\/wp-content\/uploads\/2023\/07\/DSC_2386-768x1152.jpg 768w, https:\/\/www.lestudiodejulie.fr\/wp-content\/uploads\/2023\/07\/DSC_2386-1024x1536.jpg 1024w, https:\/\/www.lestudiodejulie.fr\/wp-content\/uploads\/2023\/07\/DSC_2386-1365x2048.jpg 1365w, https:\/\/www.lestudiodejulie.fr\/wp-content\/uploads\/2023\/07\/DSC_2386-scaled.jpg 1707w\" sizes=\"(max-width: 683px) 100vw, 683px\" \/><\/a>\n\t\t\t<\/div><\/figure>\n\t\t<\/div>\n\t\t<\/div>\n\t\t\t\t\t\t<\/div>\n\t\t\t\t<\/div>\n\t\t\t\t\t<\/div>\n\t\t\t\t<\/div>\n\t\t\t\t<\/div>\n\t\t","protected":false},"excerpt":{"rendered":"<p>Pensez \u00e0 immortaliser vos \u00e9v\u00e8nements importants.<\/p>\n","protected":false},"author":1,"featured_media":255,"parent":135,"menu_order":0,"comment_status":"closed","ping_status":"closed","template":"","meta":{"footnotes":""},"class_list":["post-245","page","type-page","status-publish","has-post-thumbnail","hentry"],"_links":{"self":[{"href":"https:\/\/www.lestudiodejulie.fr\/index.php\/wp-json\/wp\/v2\/pages\/245","targetHints":{"allow":["GET"]}}],"collection":[{"href":"https:\/\/www.lestudiodejulie.fr\/index.php\/wp-json\/wp\/v2\/pages"}],"about":[{"href":"https:\/\/www.lestudiodejulie.fr\/index.php\/wp-json\/wp\/v2\/types\/page"}],"author":[{"embeddable":true,"href":"https:\/\/www.lestudiodejulie.fr\/index.php\/wp-json\/wp\/v2\/users\/1"}],"replies":[{"embeddable":true,"href":"https:\/\/www.lestudiodejulie.fr\/index.php\/wp-json\/wp\/v2\/comments?post=245"}],"version-history":[{"count":16,"href":"https:\/\/www.lestudiodejulie.fr\/index.php\/wp-json\/wp\/v2\/pages\/245\/revisions"}],"predecessor-version":[{"id":358,"href":"https:\/\/www.lestudiodejulie.fr\/index.php\/wp-json\/wp\/v2\/pages\/245\/revisions\/358"}],"up":[{"embeddable":true,"href":"https:\/\/www.lestudiodejulie.fr\/index.php\/wp-json\/wp\/v2\/pages\/135"}],"wp:featuredmedia":[{"embeddable":true,"href":"https:\/\/www.lestudiodejulie.fr\/index.php\/wp-json\/wp\/v2\/media\/255"}],"wp:attachment":[{"href":"https:\/\/www.lestudiodejulie.fr\/index.php\/wp-json\/wp\/v2\/media?parent=245"}],"curies":[{"name":"wp","href":"https:\/\/api.w.org\/{rel}","templated":true}]}}