{"id":320,"date":"2023-07-10T01:54:12","date_gmt":"2023-07-09T23:54:12","guid":{"rendered":"https:\/\/www.lestudiodejulie.fr\/?page_id=320"},"modified":"2023-07-10T14:22:10","modified_gmt":"2023-07-10T12:22:10","slug":"qui-suis-je","status":"publish","type":"page","link":"https:\/\/www.lestudiodejulie.fr\/index.php\/qui-suis-je\/","title":{"rendered":"Qui suis-je ?"},"content":{"rendered":"\t\t<div data-elementor-type=\"wp-page\" data-elementor-id=\"320\" class=\"elementor elementor-320\">\n\t\t\t\t<div class=\"elementor-element elementor-element-9ce496f e-flex e-con-boxed e-con e-parent\" data-id=\"9ce496f\" data-element_type=\"container\">\n\t\t\t\t\t<div class=\"e-con-inner\">\n\t\t\t\t<div class=\"elementor-element elementor-element-d9a7427 elementor-widget elementor-widget-heading\" data-id=\"d9a7427\" data-element_type=\"widget\" data-widget_type=\"heading.default\">\n\t\t\t\t<div class=\"elementor-widget-container\">\n\t\t\t\t\t<h2 class=\"elementor-heading-title elementor-size-default\">Comment je suis devenue photographe<\/h2>\t\t\t\t<\/div>\n\t\t\t\t<\/div>\n\t\t\t\t\t<\/div>\n\t\t\t\t<\/div>\n\t\t<div class=\"elementor-element elementor-element-9471f60 e-flex e-con-boxed e-con e-parent\" data-id=\"9471f60\" data-element_type=\"container\">\n\t\t\t\t\t<div class=\"e-con-inner\">\n\t\t\t\t<div class=\"elementor-element elementor-element-040b106 elementor-widget elementor-widget-text-editor\" data-id=\"040b106\" data-element_type=\"widget\" data-widget_type=\"text-editor.default\">\n\t\t\t\t<div class=\"elementor-widget-container\">\n\t\t\t\t\t\t\t\t\t<p>Je m&rsquo;appelle Julie, j&rsquo;ai 40 ans et je suis infirmi\u00e8re, si, si, infirmi\u00e8re. D&rsquo;aussi loin que je me souvienne, j\u2019ai toujours \u00e9t\u00e9 passionn\u00e9e par la photo. La paparazzi, c\u2019est moi. Petite d\u00e9j\u00e0, c&rsquo;est comme cela que l&rsquo;on m&rsquo;appelait.\u00a0<\/p><p>Notre vie de famille, c&rsquo;\u00e9tait tout. L&rsquo;important\u00a0pour moi \u00e9tait d\u2019en figer chaque instant, de garder une trace, des images de la vie qui passe. C\u2019est devenu d\u2019autant plus vrai \u00e0 la perte subite de ma maman, lorsqu\u2019apr\u00e8s la perte d\u2019un \u00eatre cher, il ne nous reste que des photos.\u00a0<\/p><p>En janvier 2019, je tombe enceinte de mon b\u00e9b\u00e9 4 et je d\u00e9couvre moi-m\u00eame les photos de grossesse et nouveau-n\u00e9. <strong>Je tombe litt\u00e9ralement en amour avec ces magnifiques clich\u00e9s<\/strong> qui mettent en valeur la maternit\u00e9, la f\u00e9minit\u00e9, la sensualit\u00e9, la toute-puissance de la femme lorsqu\u2019elle porte la vie.\u00a0<\/p><p>En septembre, la naissance de C\u00e9leste et en m\u00eame temps la perte tragique de son papa. Les photos de naissance se feront sans lui, difficilement, mais je tenais \u00e0 ces pr\u00e9cieuses photos de mon b\u00e9b\u00e9.\u00a0Ma vie prend un autre tournant, passent les moments terribles des premiers mois apr\u00e8s son d\u00e9part, je m\u2019accroche \u00e0 la vie et \u00e0 mes filles aussi fort qu\u2019 il m\u2019est donn\u00e9 de le faire et la photo devient mon quotidien.\u00a0<\/p><p>En cong\u00e9 parental, je prends le temps de tenir ma page Instagram en postant r\u00e9guli\u00e8rement les photos de mes filles et moi, de nos moments de d\u00e9tresse aussi. Je re\u00e7ois beaucoup de soutien. Cela me fait du bien et c\u2019est \u00e0 ce moment que me vient cette envie irr\u00e9pressible de faire de la photo, de d\u00e9velopper cette passion.\u00a0<\/p><p>J\u2019ach\u00e8te mon premier r\u00e9flexe d\u2019occasion pour me faire la main, tester, comprendre\u2026 \u00e0 cet instant, aucune connaissance technique ou ma\u00eetrise du mat\u00e9riel. Je m\u2019instruis, Youtube devient mon rendez-vous quotidien. Mes filles sont \u00e9videmment mes premiers mod\u00e8les, ensuite mes amies, leurs enfants et parfois m\u00eame des inconnus. Et puis l\u2019envie d\u2019aller plus loin, de mieux faire. Cette envie d\u2019apprendre, ce projet qui ne me quitte plus. Je m\u2019inscris \u00e0 ma premi\u00e8re formation professionnelle \u00ab posing nouveau-n\u00e9 \u00bb, donn\u00e9e par une photographe sp\u00e9cialis\u00e9e, \u00e0 Orl\u00e9ans. J\u2019obtiens mon premier dipl\u00f4me et prend cette lourde d\u00e9cision de d\u00e9missionner, la peur au ventre bien s\u00fbr, mais je suis de celle qui se lance t\u00eate baiss\u00e9e.\u00a0<\/p><p>Je vous accueille dans un environnement cosy, en studio ou en ext\u00e9rieur pour de joli clich\u00e9s \u00ab\u00a0nature\u00a0\u00bb.\u00a0<\/p><p>J\u2019aime me laisser porter par mes mod\u00e8les mais je suis aussi \u00e0 votre \u00e9coute si vous avez une id\u00e9e ou une envie particuli\u00e8re.<\/p><p>A bient\u00f4t !<\/p>\t\t\t\t\t\t\t\t<\/div>\n\t\t\t\t<\/div>\n\t\t\t\t\t<\/div>\n\t\t\t\t<\/div>\n\t\t<div class=\"elementor-element elementor-element-d147f8d e-flex e-con-boxed e-con e-parent\" data-id=\"d147f8d\" data-element_type=\"container\">\n\t\t\t\t\t<div class=\"e-con-inner\">\n\t\t\t\t<div class=\"elementor-element elementor-element-268a712 elementor-shape-rounded elementor-grid-0 e-grid-align-center elementor-widget elementor-widget-social-icons\" data-id=\"268a712\" data-element_type=\"widget\" data-widget_type=\"social-icons.default\">\n\t\t\t\t<div class=\"elementor-widget-container\">\n\t\t\t\t\t\t\t<div class=\"elementor-social-icons-wrapper elementor-grid\">\n\t\t\t\t\t\t\t<span class=\"elementor-grid-item\">\n\t\t\t\t\t<a class=\"elementor-icon elementor-social-icon elementor-social-icon-facebook elementor-repeater-item-cb8e7d9\" target=\"_blank\">\n\t\t\t\t\t\t<span class=\"elementor-screen-only\">Facebook<\/span>\n\t\t\t\t\t\t<i class=\"fab fa-facebook\"><\/i>\t\t\t\t\t<\/a>\n\t\t\t\t<\/span>\n\t\t\t\t\t\t\t<span class=\"elementor-grid-item\">\n\t\t\t\t\t<a class=\"elementor-icon elementor-social-icon elementor-social-icon-twitter elementor-repeater-item-ece3fa0\" target=\"_blank\">\n\t\t\t\t\t\t<span class=\"elementor-screen-only\">Twitter<\/span>\n\t\t\t\t\t\t<i class=\"fab fa-twitter\"><\/i>\t\t\t\t\t<\/a>\n\t\t\t\t<\/span>\n\t\t\t\t\t\t\t<span class=\"elementor-grid-item\">\n\t\t\t\t\t<a class=\"elementor-icon elementor-social-icon elementor-social-icon-youtube elementor-repeater-item-924b3f6\" target=\"_blank\">\n\t\t\t\t\t\t<span class=\"elementor-screen-only\">Youtube<\/span>\n\t\t\t\t\t\t<i class=\"fab fa-youtube\"><\/i>\t\t\t\t\t<\/a>\n\t\t\t\t<\/span>\n\t\t\t\t\t<\/div>\n\t\t\t\t\t\t<\/div>\n\t\t\t\t<\/div>\n\t\t\t\t\t<\/div>\n\t\t\t\t<\/div>\n\t\t\t\t<\/div>\n\t\t","protected":false},"excerpt":{"rendered":"<p>Comment je suis devenue photographe Je m&rsquo;appelle Julie, j&rsquo;ai 40 ans et je suis infirmi\u00e8re, si, si, infirmi\u00e8re. D&rsquo;aussi loin que je me souvienne, j\u2019ai toujours \u00e9t\u00e9 passionn\u00e9e par la photo. La paparazzi, c\u2019est moi. Petite d\u00e9j\u00e0, c&rsquo;est comme cela que l&rsquo;on m&rsquo;appelait.\u00a0 Notre vie de famille, c&rsquo;\u00e9tait tout. L&rsquo;important\u00a0pour moi \u00e9tait d\u2019en figer chaque instant, de garder une trace, des images de la vie qui passe. C\u2019est devenu d\u2019autant plus vrai \u00e0 la perte subite de ma maman, lorsqu\u2019apr\u00e8s la perte d\u2019un \u00eatre cher, il ne nous reste que des photos.\u00a0 En janvier 2019, je tombe enceinte de mon b\u00e9b\u00e9 4 et je d\u00e9couvre moi-m\u00eame les photos de grossesse et nouveau-n\u00e9. Je tombe litt\u00e9ralement en amour avec ces magnifiques clich\u00e9s qui mettent en valeur la maternit\u00e9, la f\u00e9minit\u00e9, la sensualit\u00e9, la toute-puissance de la femme lorsqu\u2019elle porte la vie.\u00a0 En septembre, la naissance de C\u00e9leste et en m\u00eame temps la perte tragique de son papa. Les photos de naissance se feront sans lui, difficilement, mais je tenais \u00e0 ces pr\u00e9cieuses photos de mon b\u00e9b\u00e9.\u00a0Ma vie prend un autre tournant, passent les moments terribles des premiers mois apr\u00e8s son d\u00e9part, je m\u2019accroche \u00e0 la vie et \u00e0 mes filles aussi fort qu\u2019 il m\u2019est donn\u00e9 de le faire et la photo devient mon quotidien.\u00a0 En cong\u00e9 parental, je prends le temps de tenir ma page Instagram en postant r\u00e9guli\u00e8rement les photos de mes filles et moi, de nos moments de d\u00e9tresse aussi. Je re\u00e7ois beaucoup de soutien. Cela me fait du bien et c\u2019est \u00e0 ce moment que me vient cette envie irr\u00e9pressible de faire de la photo, de d\u00e9velopper cette passion.\u00a0 J\u2019ach\u00e8te mon premier r\u00e9flexe d\u2019occasion pour me faire la main, tester, comprendre\u2026 \u00e0 cet instant, aucune connaissance technique ou ma\u00eetrise du mat\u00e9riel. Je m\u2019instruis, Youtube devient mon rendez-vous quotidien. Mes filles sont \u00e9videmment mes premiers mod\u00e8les, ensuite mes amies, leurs enfants et parfois m\u00eame des inconnus. Et puis l\u2019envie d\u2019aller plus loin, de mieux faire. Cette envie d\u2019apprendre, ce projet qui ne me quitte plus. Je m\u2019inscris \u00e0 ma premi\u00e8re formation professionnelle \u00ab posing nouveau-n\u00e9 \u00bb, donn\u00e9e par une photographe sp\u00e9cialis\u00e9e, \u00e0 Orl\u00e9ans. J\u2019obtiens mon premier dipl\u00f4me et prend cette lourde d\u00e9cision de d\u00e9missionner, la peur au ventre bien s\u00fbr, mais je suis de celle qui se lance t\u00eate baiss\u00e9e.\u00a0 Je vous accueille dans un environnement cosy, en studio ou en ext\u00e9rieur pour de joli clich\u00e9s \u00ab\u00a0nature\u00a0\u00bb.\u00a0 J\u2019aime me laisser porter par mes mod\u00e8les mais je suis aussi \u00e0 votre \u00e9coute si vous avez une id\u00e9e ou une envie particuli\u00e8re. A bient\u00f4t ! Facebook Twitter Youtube<\/p>\n","protected":false},"author":1,"featured_media":281,"parent":0,"menu_order":0,"comment_status":"closed","ping_status":"closed","template":"","meta":{"footnotes":""},"class_list":["post-320","page","type-page","status-publish","has-post-thumbnail","hentry"],"_links":{"self":[{"href":"https:\/\/www.lestudiodejulie.fr\/index.php\/wp-json\/wp\/v2\/pages\/320","targetHints":{"allow":["GET"]}}],"collection":[{"href":"https:\/\/www.lestudiodejulie.fr\/index.php\/wp-json\/wp\/v2\/pages"}],"about":[{"href":"https:\/\/www.lestudiodejulie.fr\/index.php\/wp-json\/wp\/v2\/types\/page"}],"author":[{"embeddable":true,"href":"https:\/\/www.lestudiodejulie.fr\/index.php\/wp-json\/wp\/v2\/users\/1"}],"replies":[{"embeddable":true,"href":"https:\/\/www.lestudiodejulie.fr\/index.php\/wp-json\/wp\/v2\/comments?post=320"}],"version-history":[{"count":26,"href":"https:\/\/www.lestudiodejulie.fr\/index.php\/wp-json\/wp\/v2\/pages\/320\/revisions"}],"predecessor-version":[{"id":372,"href":"https:\/\/www.lestudiodejulie.fr\/index.php\/wp-json\/wp\/v2\/pages\/320\/revisions\/372"}],"wp:featuredmedia":[{"embeddable":true,"href":"https:\/\/www.lestudiodejulie.fr\/index.php\/wp-json\/wp\/v2\/media\/281"}],"wp:attachment":[{"href":"https:\/\/www.lestudiodejulie.fr\/index.php\/wp-json\/wp\/v2\/media?parent=320"}],"curies":[{"name":"wp","href":"https:\/\/api.w.org\/{rel}","templated":true}]}}