{"id":52,"date":"2023-07-09T21:28:43","date_gmt":"2023-07-09T19:28:43","guid":{"rendered":"https:\/\/www.lestudiodejulie.fr\/?page_id=52"},"modified":"2025-01-06T15:33:33","modified_gmt":"2025-01-06T14:33:33","slug":"tarifs","status":"publish","type":"page","link":"https:\/\/www.lestudiodejulie.fr\/index.php\/tarifs\/","title":{"rendered":"Tarifs"},"content":{"rendered":"\t\t<div data-elementor-type=\"wp-page\" data-elementor-id=\"52\" class=\"elementor elementor-52\">\n\t\t\t\t<div class=\"elementor-element elementor-element-02e78e3 e-flex e-con-boxed e-con e-parent\" data-id=\"02e78e3\" data-element_type=\"container\">\n\t\t\t\t\t<div class=\"e-con-inner\">\n\t\t<div class=\"elementor-element elementor-element-648548c e-con-full e-flex e-con e-child\" data-id=\"648548c\" data-element_type=\"container\">\n\t\t\t\t<div class=\"elementor-element elementor-element-678cd5a elementor-widget elementor-widget-text-editor\" data-id=\"678cd5a\" data-element_type=\"widget\" data-widget_type=\"text-editor.default\">\n\t\t\t\t<div class=\"elementor-widget-container\">\n\t\t\t\t\t\t\t\t\t<p class=\"Standard\"><em><b><span lang=\"FR\" style=\"font-family: 'Lucida Sans',sans-serif;\">S\u00e9ance\u00a0grossesse en studio<\/span><\/b><\/em><\/p><ul><li><span style=\"color: var( --e-global-color-text ); font-size: 16px; text-align: var(--text-align);\">10 photos retouch\u00e9es<\/span><\/li><li><span lang=\"FR\">pr\u00eat de v\u00eatements et accessoires\u00a0<\/span><\/li><\/ul>\t\t\t\t\t\t\t\t<\/div>\n\t\t\t\t<\/div>\n\t\t\t\t<\/div>\n\t\t<div class=\"elementor-element elementor-element-42459a4 e-con-full e-flex e-con e-child\" data-id=\"42459a4\" data-element_type=\"container\">\n\t\t\t\t<div class=\"elementor-element elementor-element-6db95c2 elementor-widget elementor-widget-text-editor\" data-id=\"6db95c2\" data-element_type=\"widget\" data-widget_type=\"text-editor.default\">\n\t\t\t\t<div class=\"elementor-widget-container\">\n\t\t\t\t\t\t\t\t\t<p><strong><span style=\"font-family: Roboto, sans-serif; font-size: 16px;\">250 EUROS<\/span><\/strong><\/p>\t\t\t\t\t\t\t\t<\/div>\n\t\t\t\t<\/div>\n\t\t\t\t<\/div>\n\t\t\t\t\t<\/div>\n\t\t\t\t<\/div>\n\t\t<div class=\"elementor-element elementor-element-399955c e-flex e-con-boxed e-con e-parent\" data-id=\"399955c\" data-element_type=\"container\">\n\t\t\t\t\t<div class=\"e-con-inner\">\n\t\t<div class=\"elementor-element elementor-element-c0199db e-con-full e-flex e-con e-child\" data-id=\"c0199db\" data-element_type=\"container\">\n\t\t\t\t<div class=\"elementor-element elementor-element-6e86ed2 elementor-widget elementor-widget-text-editor\" data-id=\"6e86ed2\" data-element_type=\"widget\" data-widget_type=\"text-editor.default\">\n\t\t\t\t<div class=\"elementor-widget-container\">\n\t\t\t\t\t\t\t\t\t<p class=\"Standard\"><em><b><span lang=\"FR\" style=\"font-family: 'Lucida Sans',sans-serif;\">S\u00e9ance grossesse en ext\u00e9rieur<\/span><\/b><\/em><\/p><ul><li class=\"Standard\"><span lang=\"FR\">10 photos retouch\u00e9es<\/span><\/li><li class=\"Standard\"><span lang=\"FR\">pr\u00eat de v\u00eatements et accessoires<\/span><\/li><\/ul>\t\t\t\t\t\t\t\t<\/div>\n\t\t\t\t<\/div>\n\t\t\t\t<\/div>\n\t\t<div class=\"elementor-element elementor-element-745275b e-con-full e-flex e-con e-child\" data-id=\"745275b\" data-element_type=\"container\">\n\t\t\t\t<div class=\"elementor-element elementor-element-c6e0abb elementor-widget elementor-widget-text-editor\" data-id=\"c6e0abb\" data-element_type=\"widget\" data-widget_type=\"text-editor.default\">\n\t\t\t\t<div class=\"elementor-widget-container\">\n\t\t\t\t\t\t\t\t\t<p><strong><span style=\"font-family: Roboto, sans-serif; font-size: 16px;\">280 EUROS<\/span><\/strong><\/p>\t\t\t\t\t\t\t\t<\/div>\n\t\t\t\t<\/div>\n\t\t\t\t<\/div>\n\t\t\t\t\t<\/div>\n\t\t\t\t<\/div>\n\t\t<div class=\"elementor-element elementor-element-6d40a44 e-flex e-con-boxed e-con e-parent\" data-id=\"6d40a44\" data-element_type=\"container\">\n\t\t\t\t\t<div class=\"e-con-inner\">\n\t\t<div class=\"elementor-element elementor-element-761f48d e-con-full e-flex e-con e-child\" data-id=\"761f48d\" data-element_type=\"container\">\n\t\t\t\t<div class=\"elementor-element elementor-element-ca249fa elementor-widget elementor-widget-text-editor\" data-id=\"ca249fa\" data-element_type=\"widget\" data-widget_type=\"text-editor.default\">\n\t\t\t\t<div class=\"elementor-widget-container\">\n\t\t\t\t\t\t\t\t\t<p class=\"Standard\"><b><i><span lang=\"FR\" style=\"font-family: 'Lucida Sans',sans-serif;\">S\u00e9ance grossesse en studio et ext\u00e9rieur<\/span><\/i><\/b><\/p><ul><li class=\"Standard\"><span lang=\"FR\">15 photos retouch\u00e9es<\/span><\/li><li class=\"Standard\"><span lang=\"FR\">pr\u00eat de v\u00eatements et accessoires<\/span><\/li><\/ul>\t\t\t\t\t\t\t\t<\/div>\n\t\t\t\t<\/div>\n\t\t\t\t<\/div>\n\t\t<div class=\"elementor-element elementor-element-a8cfcc2 e-con-full e-flex e-con e-child\" data-id=\"a8cfcc2\" data-element_type=\"container\">\n\t\t\t\t<div class=\"elementor-element elementor-element-a407958 elementor-widget elementor-widget-text-editor\" data-id=\"a407958\" data-element_type=\"widget\" data-widget_type=\"text-editor.default\">\n\t\t\t\t<div class=\"elementor-widget-container\">\n\t\t\t\t\t\t\t\t\t<p><strong><span style=\"font-family: Roboto, sans-serif; font-size: 16px;\">350 EUROS<\/span><\/strong><\/p>\t\t\t\t\t\t\t\t<\/div>\n\t\t\t\t<\/div>\n\t\t\t\t<\/div>\n\t\t\t\t\t<\/div>\n\t\t\t\t<\/div>\n\t\t<div class=\"elementor-element elementor-element-53ee7d5 e-flex e-con-boxed e-con e-parent\" data-id=\"53ee7d5\" data-element_type=\"container\">\n\t\t\t\t\t<div class=\"e-con-inner\">\n\t\t<div class=\"elementor-element elementor-element-e041f3e e-con-full e-flex e-con e-child\" data-id=\"e041f3e\" data-element_type=\"container\">\n\t\t\t\t<div class=\"elementor-element elementor-element-cbfd50f elementor-widget elementor-widget-text-editor\" data-id=\"cbfd50f\" data-element_type=\"widget\" data-widget_type=\"text-editor.default\">\n\t\t\t\t<div class=\"elementor-widget-container\">\n\t\t\t\t\t\t\t\t\t<p class=\"Standard\"><b><i><span lang=\"FR\" style=\"font-family: 'Lucida Sans',sans-serif;\">S\u00e9ance grossesse et naissance<\/span><\/i><\/b><\/p><ul><li class=\"Standard\"><span lang=\"FR\">15 photos retouch\u00e9es<\/span><\/li><li class=\"Standard\"><span lang=\"FR\">pr\u00eat de v\u00eatements et accessoires<\/span><\/li><\/ul>\t\t\t\t\t\t\t\t<\/div>\n\t\t\t\t<\/div>\n\t\t\t\t<\/div>\n\t\t<div class=\"elementor-element elementor-element-10fd827 e-con-full e-flex e-con e-child\" data-id=\"10fd827\" data-element_type=\"container\">\n\t\t\t\t<div class=\"elementor-element elementor-element-a2997cf elementor-widget elementor-widget-text-editor\" data-id=\"a2997cf\" data-element_type=\"widget\" data-widget_type=\"text-editor.default\">\n\t\t\t\t<div class=\"elementor-widget-container\">\n\t\t\t\t\t\t\t\t\t<p><strong><span style=\"font-family: Roboto, sans-serif; font-size: 16px;\">420 EUROS<\/span><\/strong><\/p>\t\t\t\t\t\t\t\t<\/div>\n\t\t\t\t<\/div>\n\t\t\t\t<\/div>\n\t\t\t\t\t<\/div>\n\t\t\t\t<\/div>\n\t\t<div class=\"elementor-element elementor-element-d9d3b10 e-flex e-con-boxed e-con e-parent\" data-id=\"d9d3b10\" data-element_type=\"container\">\n\t\t\t\t\t<div class=\"e-con-inner\">\n\t\t<div class=\"elementor-element elementor-element-9d5d455 e-con-full e-flex e-con e-child\" data-id=\"9d5d455\" data-element_type=\"container\">\n\t\t\t\t<div class=\"elementor-element elementor-element-0558428 elementor-widget elementor-widget-text-editor\" data-id=\"0558428\" data-element_type=\"widget\" data-widget_type=\"text-editor.default\">\n\t\t\t\t<div class=\"elementor-widget-container\">\n\t\t\t\t\t\t\t\t\t<p class=\"Standard\"><b><i><span lang=\"FR\" style=\"font-family: 'Lucida Sans',sans-serif;\">S\u00e9ance maman et moi<\/span><\/i><\/b><\/p><ul><li class=\"Standard\"><span lang=\"FR\">10 photos retouch\u00e9es<\/span><\/li><\/ul>\t\t\t\t\t\t\t\t<\/div>\n\t\t\t\t<\/div>\n\t\t\t\t<\/div>\n\t\t<div class=\"elementor-element elementor-element-a2d8b87 e-con-full e-flex e-con e-child\" data-id=\"a2d8b87\" data-element_type=\"container\">\n\t\t\t\t<div class=\"elementor-element elementor-element-f8791eb elementor-widget elementor-widget-text-editor\" data-id=\"f8791eb\" data-element_type=\"widget\" data-widget_type=\"text-editor.default\">\n\t\t\t\t<div class=\"elementor-widget-container\">\n\t\t\t\t\t\t\t\t\t<p><strong><span style=\"font-family: Roboto, sans-serif; font-size: 16px;\">150 EUROS<\/span><\/strong><\/p>\t\t\t\t\t\t\t\t<\/div>\n\t\t\t\t<\/div>\n\t\t\t\t<\/div>\n\t\t\t\t\t<\/div>\n\t\t\t\t<\/div>\n\t\t<div class=\"elementor-element elementor-element-3014ce2 e-flex e-con-boxed e-con e-parent\" data-id=\"3014ce2\" data-element_type=\"container\">\n\t\t\t\t\t<div class=\"e-con-inner\">\n\t\t<div class=\"elementor-element elementor-element-6988277 e-con-full e-flex e-con e-child\" data-id=\"6988277\" data-element_type=\"container\">\n\t\t\t\t<div class=\"elementor-element elementor-element-6516767 elementor-widget elementor-widget-text-editor\" data-id=\"6516767\" data-element_type=\"widget\" data-widget_type=\"text-editor.default\">\n\t\t\t\t<div class=\"elementor-widget-container\">\n\t\t\t\t\t\t\t\t\t<p class=\"Standard\"><b><i><span lang=\"FR\" style=\"font-family: 'Lucida Sans',sans-serif;\">S\u00e9ance nouveau-n\u00e9<\/span><\/i><\/b><\/p><ul><li class=\"Standard\"><span lang=\"FR\">pr\u00eat de v\u00eatement accessoires et mise en sc\u00e8ne<\/span><\/li><\/ul>\t\t\t\t\t\t\t\t<\/div>\n\t\t\t\t<\/div>\n\t\t\t\t<\/div>\n\t\t<div class=\"elementor-element elementor-element-ce09bd8 e-con-full e-flex e-con e-child\" data-id=\"ce09bd8\" data-element_type=\"container\">\n\t\t\t\t<div class=\"elementor-element elementor-element-cc04a0c elementor-widget elementor-widget-text-editor\" data-id=\"cc04a0c\" data-element_type=\"widget\" data-widget_type=\"text-editor.default\">\n\t\t\t\t<div class=\"elementor-widget-container\">\n\t\t\t\t\t\t\t\t\t<p><strong><span style=\"font-family: Roboto, sans-serif; font-size: 16px;\">350 EUROS<\/span><\/strong><\/p>\t\t\t\t\t\t\t\t<\/div>\n\t\t\t\t<\/div>\n\t\t\t\t<\/div>\n\t\t\t\t\t<\/div>\n\t\t\t\t<\/div>\n\t\t<div class=\"elementor-element elementor-element-2cf954f e-flex e-con-boxed e-con e-parent\" data-id=\"2cf954f\" data-element_type=\"container\">\n\t\t\t\t\t<div class=\"e-con-inner\">\n\t\t<div class=\"elementor-element elementor-element-90593a4 e-con-full e-flex e-con e-child\" data-id=\"90593a4\" data-element_type=\"container\">\n\t\t\t\t<div class=\"elementor-element elementor-element-29a9db2 elementor-widget elementor-widget-text-editor\" data-id=\"29a9db2\" data-element_type=\"widget\" data-widget_type=\"text-editor.default\">\n\t\t\t\t<div class=\"elementor-widget-container\">\n\t\t\t\t\t\t\t\t\t<p class=\"Standard\"><b><i><span lang=\"FR\" style=\"font-family: 'Lucida Sans',sans-serif;\">S\u00e9ance 1<sup>er<\/sup> Anniversaire<\/span><\/i><\/b><\/p><ul><li class=\"Standard\"><span lang=\"FR\">10 photos retouch\u00e9es<\/span><span lang=\"FR\">\u00a0<\/span><\/li><\/ul><p class=\"Standard\">\u00a0<\/p>\t\t\t\t\t\t\t\t<\/div>\n\t\t\t\t<\/div>\n\t\t\t\t<\/div>\n\t\t<div class=\"elementor-element elementor-element-e39850b e-con-full e-flex e-con e-child\" data-id=\"e39850b\" data-element_type=\"container\">\n\t\t\t\t<div class=\"elementor-element elementor-element-259fcdd elementor-widget elementor-widget-text-editor\" data-id=\"259fcdd\" data-element_type=\"widget\" data-widget_type=\"text-editor.default\">\n\t\t\t\t<div class=\"elementor-widget-container\">\n\t\t\t\t\t\t\t\t\t<p><strong><span style=\"font-family: Roboto, sans-serif; font-size: 16px;\">150 EUROS<\/span><\/strong><\/p>\t\t\t\t\t\t\t\t<\/div>\n\t\t\t\t<\/div>\n\t\t\t\t<\/div>\n\t\t\t\t\t<\/div>\n\t\t\t\t<\/div>\n\t\t<div class=\"elementor-element elementor-element-d0fc4fb e-flex e-con-boxed e-con e-parent\" data-id=\"d0fc4fb\" data-element_type=\"container\">\n\t\t\t\t\t<div class=\"e-con-inner\">\n\t\t<div class=\"elementor-element elementor-element-d16a805 e-con-full e-flex e-con e-child\" data-id=\"d16a805\" data-element_type=\"container\">\n\t\t\t\t<div class=\"elementor-element elementor-element-d02dada elementor-widget elementor-widget-text-editor\" data-id=\"d02dada\" data-element_type=\"widget\" data-widget_type=\"text-editor.default\">\n\t\t\t\t<div class=\"elementor-widget-container\">\n\t\t\t\t\t\t\t\t\t<p class=\"Standard\"><b><i><span lang=\"FR\" style=\"font-family: 'Lucida Sans',sans-serif;\">S\u00e9ance \u00ab SMASH CAKE \u00bb<\/span><\/i><\/b><\/p><ul><li class=\"Standard\"><span lang=\"FR\">10 photos retouch\u00e9es\u00a0<\/span><\/li><li class=\"Standard\"><span lang=\"FR\">Mise \u00e0 disposition du g\u00e2teau<\/span><\/li><\/ul><p class=\"Standard\">\u00a0<\/p>\t\t\t\t\t\t\t\t<\/div>\n\t\t\t\t<\/div>\n\t\t\t\t<\/div>\n\t\t<div class=\"elementor-element elementor-element-f56dc1e e-con-full e-flex e-con e-child\" data-id=\"f56dc1e\" data-element_type=\"container\">\n\t\t\t\t<div class=\"elementor-element elementor-element-81ccfd4 elementor-widget elementor-widget-text-editor\" data-id=\"81ccfd4\" data-element_type=\"widget\" data-widget_type=\"text-editor.default\">\n\t\t\t\t<div class=\"elementor-widget-container\">\n\t\t\t\t\t\t\t\t\t<p><strong><span style=\"font-family: Roboto, sans-serif; font-size: 16px;\">230 EUROS<\/span><\/strong><\/p>\t\t\t\t\t\t\t\t<\/div>\n\t\t\t\t<\/div>\n\t\t\t\t<\/div>\n\t\t\t\t\t<\/div>\n\t\t\t\t<\/div>\n\t\t<div class=\"elementor-element elementor-element-591e075 e-flex e-con-boxed e-con e-parent\" data-id=\"591e075\" data-element_type=\"container\">\n\t\t\t\t\t<div class=\"e-con-inner\">\n\t\t<div class=\"elementor-element elementor-element-3862dc2 e-con-full e-flex e-con e-child\" data-id=\"3862dc2\" data-element_type=\"container\">\n\t\t\t\t<div class=\"elementor-element elementor-element-a34e8d8 elementor-widget elementor-widget-text-editor\" data-id=\"a34e8d8\" data-element_type=\"widget\" data-widget_type=\"text-editor.default\">\n\t\t\t\t<div class=\"elementor-widget-container\">\n\t\t\t\t\t\t\t\t\t<p class=\"Standard\"><b><i><span lang=\"FR\" style=\"font-family: 'Lucida Sans',sans-serif;\">S\u00e9ance \u00ab Je suis un.e artiste&nbsp;\u00bb<\/span><\/i><\/b><\/p>\n<ul>\n<li class=\"Standard\"><span lang=\"FR\">10 photos retouch\u00e9es <\/span><\/li>\n<li class=\"Standard\"><span lang=\"FR\">l\u2019enfant repart avec se r\u00e9alisation sur toile<\/span><span style=\"font-size: 16px; color: var( --e-global-color-text ); text-align: var(--text-align);\">&nbsp;<\/span><\/li>\n<\/ul>\n<p class=\"Standard\">\n<\/p>\t\t\t\t\t\t\t\t<\/div>\n\t\t\t\t<\/div>\n\t\t\t\t<\/div>\n\t\t<div class=\"elementor-element elementor-element-9557201 e-con-full e-flex e-con e-child\" data-id=\"9557201\" data-element_type=\"container\">\n\t\t\t\t<div class=\"elementor-element elementor-element-6ee724b elementor-widget elementor-widget-text-editor\" data-id=\"6ee724b\" data-element_type=\"widget\" data-widget_type=\"text-editor.default\">\n\t\t\t\t<div class=\"elementor-widget-container\">\n\t\t\t\t\t\t\t\t\t<p><strong><span style=\"font-family: Roboto, sans-serif; font-size: 16px;\">200 EUROS<\/span><\/strong><\/p>\t\t\t\t\t\t\t\t<\/div>\n\t\t\t\t<\/div>\n\t\t\t\t<\/div>\n\t\t\t\t\t<\/div>\n\t\t\t\t<\/div>\n\t\t<div class=\"elementor-element elementor-element-2296a48 e-flex e-con-boxed e-con e-parent\" data-id=\"2296a48\" data-element_type=\"container\">\n\t\t\t\t\t<div class=\"e-con-inner\">\n\t\t<div class=\"elementor-element elementor-element-138477c e-con-full e-flex e-con e-child\" data-id=\"138477c\" data-element_type=\"container\">\n\t\t\t\t<div class=\"elementor-element elementor-element-ad53bd3 elementor-widget elementor-widget-text-editor\" data-id=\"ad53bd3\" data-element_type=\"widget\" data-widget_type=\"text-editor.default\">\n\t\t\t\t<div class=\"elementor-widget-container\">\n\t\t\t\t\t\t\t\t\t<p class=\"Standard\"><b><i><span lang=\"FR\" style=\"font-family: 'Lucida Sans',sans-serif;\">S\u00e9ance famille en studio<\/span><\/i><\/b><\/p><ul><li class=\"Standard\"><span lang=\"FR\">10 photos retouch\u00e9es<br \/><\/span><\/li><li class=\"Standard\"><span lang=\"FR\">(pour 5 personnes) 20 euros \/ pers. supp.<\/span><\/li><\/ul>\t\t\t\t\t\t\t\t<\/div>\n\t\t\t\t<\/div>\n\t\t\t\t<\/div>\n\t\t<div class=\"elementor-element elementor-element-3b41270 e-con-full e-flex e-con e-child\" data-id=\"3b41270\" data-element_type=\"container\">\n\t\t\t\t<div class=\"elementor-element elementor-element-d8317c9 elementor-widget elementor-widget-text-editor\" data-id=\"d8317c9\" data-element_type=\"widget\" data-widget_type=\"text-editor.default\">\n\t\t\t\t<div class=\"elementor-widget-container\">\n\t\t\t\t\t\t\t\t\t<p><strong><span style=\"font-family: Roboto, sans-serif; font-size: 16px;\">200 EUROS<\/span><\/strong><\/p>\t\t\t\t\t\t\t\t<\/div>\n\t\t\t\t<\/div>\n\t\t\t\t<\/div>\n\t\t\t\t\t<\/div>\n\t\t\t\t<\/div>\n\t\t<div class=\"elementor-element elementor-element-3f0127d e-flex e-con-boxed e-con e-parent\" data-id=\"3f0127d\" data-element_type=\"container\">\n\t\t\t\t\t<div class=\"e-con-inner\">\n\t\t<div class=\"elementor-element elementor-element-5653d93 e-con-full e-flex e-con e-child\" data-id=\"5653d93\" data-element_type=\"container\">\n\t\t\t\t<div class=\"elementor-element elementor-element-6a0b5a5 elementor-widget elementor-widget-text-editor\" data-id=\"6a0b5a5\" data-element_type=\"widget\" data-widget_type=\"text-editor.default\">\n\t\t\t\t<div class=\"elementor-widget-container\">\n\t\t\t\t\t\t\t\t\t<p class=\"Standard\"><b><i><span lang=\"FR\" style=\"font-family: 'Lucida Sans',sans-serif;\">S\u00e9ance famille en ext\u00e9rieur<\/span><\/i><\/b><\/p><ul><li class=\"Standard\"><span lang=\"FR\">10 photos retouch\u00e9es<\/span><\/li><\/ul>\t\t\t\t\t\t\t\t<\/div>\n\t\t\t\t<\/div>\n\t\t\t\t<\/div>\n\t\t<div class=\"elementor-element elementor-element-11d1635 e-con-full e-flex e-con e-child\" data-id=\"11d1635\" data-element_type=\"container\">\n\t\t\t\t<div class=\"elementor-element elementor-element-fb0f4d0 elementor-widget elementor-widget-text-editor\" data-id=\"fb0f4d0\" data-element_type=\"widget\" data-widget_type=\"text-editor.default\">\n\t\t\t\t<div class=\"elementor-widget-container\">\n\t\t\t\t\t\t\t\t\t<p><strong><span style=\"font-family: Roboto, sans-serif; font-size: 16px;\">\u00a0230 EUROS<\/span><\/strong><\/p>\t\t\t\t\t\t\t\t<\/div>\n\t\t\t\t<\/div>\n\t\t\t\t<\/div>\n\t\t\t\t\t<\/div>\n\t\t\t\t<\/div>\n\t\t<div class=\"elementor-element elementor-element-d188aab e-flex e-con-boxed e-con e-parent\" data-id=\"d188aab\" data-element_type=\"container\">\n\t\t\t\t\t<div class=\"e-con-inner\">\n\t\t<div class=\"elementor-element elementor-element-0920855 e-con-full e-flex e-con e-child\" data-id=\"0920855\" data-element_type=\"container\">\n\t\t\t\t<div class=\"elementor-element elementor-element-88ed62a elementor-widget elementor-widget-text-editor\" data-id=\"88ed62a\" data-element_type=\"widget\" data-widget_type=\"text-editor.default\">\n\t\t\t\t<div class=\"elementor-widget-container\">\n\t\t\t\t\t\t\t\t\t<p class=\"Standard\"><b><i><span lang=\"FR\" style=\"font-family: 'Lucida Sans',sans-serif;\">S\u00e9ance famille studio et exterieur<\/span><\/i><\/b><\/p><ul><li class=\"Standard\"><span lang=\"FR\">15 photos retouch\u00e9es<\/span><\/li><\/ul>\t\t\t\t\t\t\t\t<\/div>\n\t\t\t\t<\/div>\n\t\t\t\t<\/div>\n\t\t<div class=\"elementor-element elementor-element-0eb3311 e-con-full e-flex e-con e-child\" data-id=\"0eb3311\" data-element_type=\"container\">\n\t\t\t\t<div class=\"elementor-element elementor-element-1f2f253 elementor-widget elementor-widget-text-editor\" data-id=\"1f2f253\" data-element_type=\"widget\" data-widget_type=\"text-editor.default\">\n\t\t\t\t<div class=\"elementor-widget-container\">\n\t\t\t\t\t\t\t\t\t<p><strong><span style=\"font-family: Roboto, sans-serif; font-size: 16px;\">400 EUROS<\/span><\/strong><\/p>\t\t\t\t\t\t\t\t<\/div>\n\t\t\t\t<\/div>\n\t\t\t\t<\/div>\n\t\t\t\t\t<\/div>\n\t\t\t\t<\/div>\n\t\t<div class=\"elementor-element elementor-element-8968da0 e-flex e-con-boxed e-con e-parent\" data-id=\"8968da0\" data-element_type=\"container\">\n\t\t\t\t\t<div class=\"e-con-inner\">\n\t\t<div class=\"elementor-element elementor-element-2b55a6c e-con-full e-flex e-con e-child\" data-id=\"2b55a6c\" data-element_type=\"container\">\n\t\t\t\t<div class=\"elementor-element elementor-element-15dd496 elementor-widget elementor-widget-text-editor\" data-id=\"15dd496\" data-element_type=\"widget\" data-widget_type=\"text-editor.default\">\n\t\t\t\t<div class=\"elementor-widget-container\">\n\t\t\t\t\t\t\t\t\t<p class=\"Standard\"><b><i><span lang=\"FR\" style=\"font-family: 'Lucida Sans',sans-serif;\">S\u00e9ance Bapt\u00eame et communion<\/span><\/i><\/b><\/p><ul><li>10 photos retouch\u00e9es<\/li><\/ul><p class=\"Standard\">\u00a0<\/p>\t\t\t\t\t\t\t\t<\/div>\n\t\t\t\t<\/div>\n\t\t\t\t<\/div>\n\t\t<div class=\"elementor-element elementor-element-6bb50ca e-con-full e-flex e-con e-child\" data-id=\"6bb50ca\" data-element_type=\"container\">\n\t\t\t\t<div class=\"elementor-element elementor-element-d455795 elementor-widget elementor-widget-text-editor\" data-id=\"d455795\" data-element_type=\"widget\" data-widget_type=\"text-editor.default\">\n\t\t\t\t<div class=\"elementor-widget-container\">\n\t\t\t\t\t\t\t\t\t<p><strong><span style=\"font-family: Roboto, sans-serif; font-size: 16px;\">200 EUROS<\/span><\/strong><\/p>\t\t\t\t\t\t\t\t<\/div>\n\t\t\t\t<\/div>\n\t\t\t\t<\/div>\n\t\t\t\t\t<\/div>\n\t\t\t\t<\/div>\n\t\t<div class=\"elementor-element elementor-element-1d5fff9 e-flex e-con-boxed e-con e-parent\" data-id=\"1d5fff9\" data-element_type=\"container\">\n\t\t\t\t\t<div class=\"e-con-inner\">\n\t\t<div class=\"elementor-element elementor-element-bf9527e e-con-full e-flex e-con e-child\" data-id=\"bf9527e\" data-element_type=\"container\">\n\t\t\t\t<div class=\"elementor-element elementor-element-169ce16 elementor-widget elementor-widget-text-editor\" data-id=\"169ce16\" data-element_type=\"widget\" data-widget_type=\"text-editor.default\">\n\t\t\t\t<div class=\"elementor-widget-container\">\n\t\t\t\t\t\t\t\t\t<p class=\"Standard\"><b><i><span lang=\"FR\" style=\"font-family: 'Lucida Sans',sans-serif;\">S\u00e9ance \u00ab Boudoir \u00bb<\/span><\/i><\/b><\/p><ul><li>Forfait \u00ab\u00a0Boudoir\u00a0\u00bb 10 photos retouch\u00e9es\u00a0<br \/><br \/><\/li><li>Forfait \u00ab\u00a0Glam Book\u00a0\u00bb 30 photos retouch\u00e9es<\/li><\/ul><p class=\"Standard\">\u00a0<\/p>\t\t\t\t\t\t\t\t<\/div>\n\t\t\t\t<\/div>\n\t\t\t\t<\/div>\n\t\t<div class=\"elementor-element elementor-element-a4cdb41 e-con-full e-flex e-con e-child\" data-id=\"a4cdb41\" data-element_type=\"container\">\n\t\t\t\t<div class=\"elementor-element elementor-element-b8a3a81 elementor-widget elementor-widget-text-editor\" data-id=\"b8a3a81\" data-element_type=\"widget\" data-widget_type=\"text-editor.default\">\n\t\t\t\t<div class=\"elementor-widget-container\">\n\t\t\t\t\t\t\t\t\t<p><strong><span style=\"font-family: Roboto, sans-serif; font-size: 16px;\"><br \/>200 EUROS<br \/><\/span><\/strong><\/p><p><strong style=\"font-size: 16px; color: var( --e-global-color-text ); text-align: var(--text-align);\"><span style=\"font-family: Roboto, sans-serif; font-size: 16px;\">480 EUROS<\/span><\/strong><\/p>\t\t\t\t\t\t\t\t<\/div>\n\t\t\t\t<\/div>\n\t\t\t\t<\/div>\n\t\t\t\t\t<\/div>\n\t\t\t\t<\/div>\n\t\t\t\t<\/div>\n\t\t","protected":false},"excerpt":{"rendered":"<p>S\u00e9ance\u00a0grossesse en studio 10 photos retouch\u00e9es pr\u00eat de v\u00eatements et accessoires\u00a0 250 EUROS S\u00e9ance grossesse en ext\u00e9rieur 10 photos retouch\u00e9es pr\u00eat de v\u00eatements et accessoires 280 EUROS S\u00e9ance grossesse en studio et ext\u00e9rieur 15 photos retouch\u00e9es pr\u00eat de v\u00eatements et accessoires 350 EUROS S\u00e9ance grossesse et naissance 15 photos retouch\u00e9es pr\u00eat de v\u00eatements et accessoires 420 EUROS S\u00e9ance maman et moi 10 photos retouch\u00e9es 150 EUROS S\u00e9ance nouveau-n\u00e9 pr\u00eat de v\u00eatement accessoires et mise en sc\u00e8ne 350 EUROS S\u00e9ance 1er Anniversaire 10 photos retouch\u00e9es\u00a0 \u00a0 150 EUROS S\u00e9ance \u00ab SMASH CAKE \u00bb 10 photos retouch\u00e9es\u00a0 Mise \u00e0 disposition du g\u00e2teau \u00a0 230 EUROS S\u00e9ance \u00ab Je suis un.e artiste&nbsp;\u00bb 10 photos retouch\u00e9es l\u2019enfant repart avec se r\u00e9alisation sur toile&nbsp; 200 EUROS S\u00e9ance famille en studio 10 photos retouch\u00e9es (pour 5 personnes) 20 euros \/ pers. supp. 200 EUROS S\u00e9ance famille en ext\u00e9rieur 10 photos retouch\u00e9es \u00a0230 EUROS S\u00e9ance famille studio et exterieur 15 photos retouch\u00e9es 400 EUROS S\u00e9ance Bapt\u00eame et communion 10 photos retouch\u00e9es \u00a0 200 EUROS S\u00e9ance \u00ab Boudoir \u00bb Forfait \u00ab\u00a0Boudoir\u00a0\u00bb 10 photos retouch\u00e9es\u00a0 Forfait \u00ab\u00a0Glam Book\u00a0\u00bb 30 photos retouch\u00e9es \u00a0 200 EUROS 480 EUROS<\/p>\n","protected":false},"author":1,"featured_media":131,"parent":0,"menu_order":0,"comment_status":"closed","ping_status":"closed","template":"","meta":{"footnotes":""},"class_list":["post-52","page","type-page","status-publish","has-post-thumbnail","hentry"],"_links":{"self":[{"href":"https:\/\/www.lestudiodejulie.fr\/index.php\/wp-json\/wp\/v2\/pages\/52","targetHints":{"allow":["GET"]}}],"collection":[{"href":"https:\/\/www.lestudiodejulie.fr\/index.php\/wp-json\/wp\/v2\/pages"}],"about":[{"href":"https:\/\/www.lestudiodejulie.fr\/index.php\/wp-json\/wp\/v2\/types\/page"}],"author":[{"embeddable":true,"href":"https:\/\/www.lestudiodejulie.fr\/index.php\/wp-json\/wp\/v2\/users\/1"}],"replies":[{"embeddable":true,"href":"https:\/\/www.lestudiodejulie.fr\/index.php\/wp-json\/wp\/v2\/comments?post=52"}],"version-history":[{"count":53,"href":"https:\/\/www.lestudiodejulie.fr\/index.php\/wp-json\/wp\/v2\/pages\/52\/revisions"}],"predecessor-version":[{"id":524,"href":"https:\/\/www.lestudiodejulie.fr\/index.php\/wp-json\/wp\/v2\/pages\/52\/revisions\/524"}],"wp:featuredmedia":[{"embeddable":true,"href":"https:\/\/www.lestudiodejulie.fr\/index.php\/wp-json\/wp\/v2\/media\/131"}],"wp:attachment":[{"href":"https:\/\/www.lestudiodejulie.fr\/index.php\/wp-json\/wp\/v2\/media?parent=52"}],"curies":[{"name":"wp","href":"https:\/\/api.w.org\/{rel}","templated":true}]}}